{"id":65,"date":"2024-11-11T14:36:13","date_gmt":"2024-11-11T14:36:13","guid":{"rendered":"https:\/\/commercesguad.es\/?page_id=65"},"modified":"2024-11-11T14:54:28","modified_gmt":"2024-11-11T14:54:28","slug":"quienes-somos","status":"publish","type":"page","link":"https:\/\/commercesguad.es\/?page_id=65","title":{"rendered":"Quienes Somos"},"content":{"rendered":"\n<div class=\"wp-block-columns alignfull are-vertically-aligned-center is-layout-flex wp-container-core-columns-is-layout-28f84493 wp-block-columns-is-layout-flex\">\n<div class=\"wp-block-column is-vertically-aligned-center is-layout-flow wp-block-column-is-layout-flow\">\n<p style=\"margin-top:0;margin-right:0;margin-bottom:0;margin-left:0;padding-top:0;padding-bottom:0;letter-spacing:0px;line-height:1.6\">En <strong>Commerce Sguad S.L.<\/strong>, somos expertos en <strong>intermediaci\u00f3n comercial y asesor\u00eda<\/strong>, ofreciendo soluciones personalizadas que conectan a nuestros clientes con oportunidades estrat\u00e9gicas. Nos enfocamos en construir relaciones comerciales s\u00f3lidas y proporcionar el soporte necesario para que cada proyecto alcance su m\u00e1ximo potencial, siempre con transparencia, profesionalismo y compromiso.<\/p>\n<\/div>\n\n\n\n<div class=\"wp-block-column is-vertically-aligned-center is-layout-flow wp-block-column-is-layout-flow\">\n<figure class=\"wp-block-image size-full is-resized\"><img loading=\"lazy\" decoding=\"async\" width=\"602\" height=\"401\" src=\"https:\/\/commercesguad.es\/wp-content\/uploads\/2024\/11\/imgPagInicio.png\" alt=\"\" class=\"wp-image-69\" style=\"width:543px;height:auto\" srcset=\"https:\/\/commercesguad.es\/wp-content\/uploads\/2024\/11\/imgPagInicio.png 602w, https:\/\/commercesguad.es\/wp-content\/uploads\/2024\/11\/imgPagInicio-300x200.png 300w\" sizes=\"auto, (max-width: 602px) 100vw, 602px\" \/><\/figure>\n<\/div>\n<\/div>\n","protected":false},"excerpt":{"rendered":"<p>En Commerce Sguad S.L., somos expertos en intermediaci\u00f3n comercial y asesor\u00eda, ofreciendo soluciones personalizadas que conectan a nuestros clientes con oportunidades estrat\u00e9gicas. Nos enfocamos en construir relaciones comerciales s\u00f3lidas y proporcionar el soporte necesario para que cada proyecto alcance su m\u00e1ximo potencial, siempre con transparencia, profesionalismo y compromiso.<\/p>\n","protected":false},"author":1,"featured_media":41,"parent":0,"menu_order":0,"comment_status":"closed","ping_status":"closed","template":"","meta":{"footnotes":""},"class_list":["post-65","page","type-page","status-publish","has-post-thumbnail","hentry"],"_links":{"self":[{"href":"https:\/\/commercesguad.es\/index.php?rest_route=\/wp\/v2\/pages\/65","targetHints":{"allow":["GET"]}}],"collection":[{"href":"https:\/\/commercesguad.es\/index.php?rest_route=\/wp\/v2\/pages"}],"about":[{"href":"https:\/\/commercesguad.es\/index.php?rest_route=\/wp\/v2\/types\/page"}],"author":[{"embeddable":true,"href":"https:\/\/commercesguad.es\/index.php?rest_route=\/wp\/v2\/users\/1"}],"replies":[{"embeddable":true,"href":"https:\/\/commercesguad.es\/index.php?rest_route=%2Fwp%2Fv2%2Fcomments&post=65"}],"version-history":[{"count":9,"href":"https:\/\/commercesguad.es\/index.php?rest_route=\/wp\/v2\/pages\/65\/revisions"}],"predecessor-version":[{"id":76,"href":"https:\/\/commercesguad.es\/index.php?rest_route=\/wp\/v2\/pages\/65\/revisions\/76"}],"wp:featuredmedia":[{"embeddable":true,"href":"https:\/\/commercesguad.es\/index.php?rest_route=\/wp\/v2\/media\/41"}],"wp:attachment":[{"href":"https:\/\/commercesguad.es\/index.php?rest_route=%2Fwp%2Fv2%2Fmedia&parent=65"}],"curies":[{"name":"wp","href":"https:\/\/api.w.org\/{rel}","templated":true}]}}